{"id":110,"date":"2020-07-31T08:00:38","date_gmt":"2020-07-31T08:00:38","guid":{"rendered":"http:\/\/www.oelois.com\/wp\/?page_id=110"},"modified":"2021-02-05T23:25:11","modified_gmt":"2021-02-05T23:25:11","slug":"contacto","status":"publish","type":"page","link":"https:\/\/www.oelois.com\/wp\/?page_id=110","title":{"rendered":"Contacto"},"content":{"rendered":"<h2>Contactanos<\/h2>\n<p>Para poder servirte con los m\u00e1s altos est\u00e1ndares que ofrecemos en OELO, necesitamos saber m\u00e1s de tu empresa, para poder adaptar nuestros servicios a tus necesidades.\u00a0<\/p>\n<h3>\n                                    \u00a1Deja tus datos y te contactaremos!<br \/>\n                                <\/h3>\n<form action=\"\/wp\/wp-admin\/admin-ajax.php#wpcf7-f107-o1\" method=\"post\" novalidate=\"novalidate\">\n<input type=\"hidden\" name=\"_wpcf7\" value=\"107\" \/><br \/>\n<input type=\"hidden\" name=\"_wpcf7_version\" value=\"5.2.1\" \/><br \/>\n<input type=\"hidden\" name=\"_wpcf7_locale\" value=\"en_US\" \/><br \/>\n<input type=\"hidden\" name=\"_wpcf7_unit_tag\" value=\"wpcf7-f107-o1\" \/><br \/>\n<input type=\"hidden\" name=\"_wpcf7_container_post\" value=\"0\" \/><br \/>\n<input type=\"hidden\" name=\"_wpcf7_posted_data_hash\" value=\"\" \/><br \/>\n<input type=\"hidden\" name=\"_wpcf7_recaptcha_response\" value=\"\" \/><\/p>\n<p><label> Tu Nombre (*)<br \/>\n    <input type=\"text\" name=\"your-name\" value=\"\" size=\"40\" aria-required=\"true\" aria-invalid=\"false\" \/> <\/label><\/p>\n<p><label> Tu correo electr\u00f3nico (*)<br \/>\n    <input type=\"email\" name=\"your-email\" value=\"\" size=\"40\" aria-required=\"true\" aria-invalid=\"false\" \/> <\/label><\/p>\n<p><label> Tu tel\u00e9fono (*)<br \/>\n<input type=\"tel\" name=\"telfono\" value=\"\" size=\"40\" aria-required=\"true\" aria-invalid=\"false\" \/> <\/label><\/p>\n<p><label> Por favor, ingrese alguna informaci\u00f3n adicional.<br \/>\n    <textarea name=\"your-message\" cols=\"40\" rows=\"10\" aria-invalid=\"false\"><\/textarea> <\/label><\/p>\n<p><input type=\"submit\" value=\"Enviar\" \/><\/p>\n<\/form>\n<p>\t\tc.\u00a0<a href=\"mailto:contacto@oelois.com\" target=\"_blank\" rel=\"noopener noreferrer\">contacto@oelois.com<\/a>t. (+51) 974 639 118w.\u00a0<a href=\"http:\/\/oelois.com\/alfresco\" target=\"_blank\" rel=\"noopener noreferrer\" data-saferedirecturl=\"https:\/\/www.google.com\/url?q=http:\/\/oelois.com\/alfresco&amp;source=gmail&amp;ust=1596265132102000&amp;usg=AFQjCNE2n_xqfZ8VR-XuGa0-7cp7-fNhwg\">oelois.com<\/a>f. @oelois<\/p>\n","protected":false},"excerpt":{"rendered":"<p>Contactanos Para poder servirte con los m\u00e1s altos est\u00e1ndares que ofrecemos en OELO, necesitamos saber m\u00e1s de tu empresa, para poder adaptar nuestros servicios a tus necesidades.\u00a0 \u00a1Deja tus datos y te contactaremos! Tu Nombre (*) Tu correo electr\u00f3nico (*) Tu tel\u00e9fono (*) Por favor, ingrese alguna informaci\u00f3n adicional. c.\u00a0contacto@oelois.comt. (+51) 974 639 118w.\u00a0oelois.comf. @oelois<\/p>\n","protected":false},"author":1,"featured_media":0,"parent":0,"menu_order":0,"comment_status":"closed","ping_status":"closed","template":"elementor_header_footer","meta":[],"_links":{"self":[{"href":"https:\/\/www.oelois.com\/wp\/index.php?rest_route=\/wp\/v2\/pages\/110"}],"collection":[{"href":"https:\/\/www.oelois.com\/wp\/index.php?rest_route=\/wp\/v2\/pages"}],"about":[{"href":"https:\/\/www.oelois.com\/wp\/index.php?rest_route=\/wp\/v2\/types\/page"}],"author":[{"embeddable":true,"href":"https:\/\/www.oelois.com\/wp\/index.php?rest_route=\/wp\/v2\/users\/1"}],"replies":[{"embeddable":true,"href":"https:\/\/www.oelois.com\/wp\/index.php?rest_route=%2Fwp%2Fv2%2Fcomments&post=110"}],"version-history":[{"count":17,"href":"https:\/\/www.oelois.com\/wp\/index.php?rest_route=\/wp\/v2\/pages\/110\/revisions"}],"predecessor-version":[{"id":209,"href":"https:\/\/www.oelois.com\/wp\/index.php?rest_route=\/wp\/v2\/pages\/110\/revisions\/209"}],"wp:attachment":[{"href":"https:\/\/www.oelois.com\/wp\/index.php?rest_route=%2Fwp%2Fv2%2Fmedia&parent=110"}],"curies":[{"name":"wp","href":"https:\/\/api.w.org\/{rel}","templated":true}]}}