{"id":2,"date":"2016-09-16T23:13:10","date_gmt":"2016-09-16T23:13:10","guid":{"rendered":"http:\/\/www.oelois.com\/wp\/?page_id=2"},"modified":"2022-11-17T04:44:29","modified_gmt":"2022-11-17T04:44:29","slug":"sample-page","status":"publish","type":"page","link":"https:\/\/www.oelois.com\/wp\/","title":{"rendered":"Apueste por la agilidad. Olvide los contratos r\u00edgidos y sin ning\u00fan beneficio."},"content":{"rendered":"<p>OELO Informatic Solutions provee servicios y soluciones desde 2009. La oferta de servicios y soluciones de OELO IS, permiten&nbsp;a nuestros clientes aprovechar al m\u00e1ximo su presupuesto de TI acelerando su respuesta a las&nbsp;exigencias del mercado o al cumplimiento normativo.<\/p>\n<p>Nuestra experiencia en consultor\u00eda y dirigiendo oficinas de Tecnolog\u00edas de Informaci\u00f3n, nos permiten brindar servicios eficientes en costos y flexibles&nbsp;que permitan obtener resultados tangibles combinando&nbsp;pr\u00e1cticas \u00e1giles en gesti\u00f3n de proyectos.<br \/>\nApoyados en los servicios de computaci\u00f3n en la nube, logramos que las empresas se enfoquen en sus procesos de negocio, dejando de lado las complejas&nbsp;estimaciones, as\u00ed como los largos tiempo de respuesta ante&nbsp;requerimientos de infraestructura que dilatan la puesta en producci\u00f3n de servicios y aplicaciones.<\/p>\n<blockquote><p>Inicie la revoluci\u00f3n digital en su organizaci\u00f3n. Las unidades&nbsp;de Tecnolog\u00edas de Informaci\u00f3n que migran a la nube&nbsp;se enfocan m\u00e1s en los procesos core y brindan soluciones efectivas en funci\u00f3n &nbsp;a la gesti\u00f3n de servicios. Consiga infraestructura de clase mundial y opere bajo condiciones que no podr\u00eda hacer con su propia infraestructura.<\/p><\/blockquote>\n<p>&#8230;le quedan dudas:<\/p>\n<blockquote><p>A trav\u00e9s de nuestro equipo de consultores, dise\u00f1amos la mejor alternativa adecuada a sus necesidades. No busque soluciones r\u00edgidas o contratos que lo atan sin ning\u00fan beneficio. Busque agilidad y resultados. Cont\u00e1ctenos.<\/p><\/blockquote>\n","protected":false},"excerpt":{"rendered":"<p>OELO Informatic Solutions provee servicios y soluciones desde 2009. La oferta de servicios y soluciones de OELO IS, permiten&nbsp;a nuestros clientes aprovechar al m\u00e1ximo su presupuesto de TI acelerando su respuesta a las&nbsp;exigencias del mercado o al cumplimiento normativo. Nuestra experiencia en consultor\u00eda y dirigiendo oficinas de Tecnolog\u00edas de Informaci\u00f3n, nos permiten brindar servicios eficientes en costos y flexibles&nbsp;que permitan obtener resultados tangibles combinando&nbsp;pr\u00e1cticas \u00e1giles en gesti\u00f3n de proyectos. Apoyados [&hellip;]<\/p>\n","protected":false},"author":1,"featured_media":0,"parent":0,"menu_order":0,"comment_status":"closed","ping_status":"closed","template":"","meta":[],"_links":{"self":[{"href":"https:\/\/www.oelois.com\/wp\/index.php?rest_route=\/wp\/v2\/pages\/2"}],"collection":[{"href":"https:\/\/www.oelois.com\/wp\/index.php?rest_route=\/wp\/v2\/pages"}],"about":[{"href":"https:\/\/www.oelois.com\/wp\/index.php?rest_route=\/wp\/v2\/types\/page"}],"author":[{"embeddable":true,"href":"https:\/\/www.oelois.com\/wp\/index.php?rest_route=\/wp\/v2\/users\/1"}],"replies":[{"embeddable":true,"href":"https:\/\/www.oelois.com\/wp\/index.php?rest_route=%2Fwp%2Fv2%2Fcomments&post=2"}],"version-history":[{"count":6,"href":"https:\/\/www.oelois.com\/wp\/index.php?rest_route=\/wp\/v2\/pages\/2\/revisions"}],"predecessor-version":[{"id":203,"href":"https:\/\/www.oelois.com\/wp\/index.php?rest_route=\/wp\/v2\/pages\/2\/revisions\/203"}],"wp:attachment":[{"href":"https:\/\/www.oelois.com\/wp\/index.php?rest_route=%2Fwp%2Fv2%2Fmedia&parent=2"}],"curies":[{"name":"wp","href":"https:\/\/api.w.org\/{rel}","templated":true}]}}