{"id":78,"date":"2020-07-17T11:50:32","date_gmt":"2020-07-17T11:50:32","guid":{"rendered":"http:\/\/www.oelois.com\/wp\/?page_id=78"},"modified":"2020-08-18T09:17:19","modified_gmt":"2020-08-18T09:17:19","slug":"alfresco","status":"publish","type":"page","link":"https:\/\/www.oelois.com\/wp\/?page_id=78","title":{"rendered":"Alfresco"},"content":{"rendered":"<p><img decoding=\"async\" loading=\"lazy\" width=\"1024\" height=\"350\" src=\"http:\/\/www.oelois.com\/wp\/wp-content\/uploads\/2020\/08\/1.png\" alt=\"\" srcset=\"https:\/\/www.oelois.com\/wp\/wp-content\/uploads\/2020\/08\/1.png 1024w, https:\/\/www.oelois.com\/wp\/wp-content\/uploads\/2020\/08\/1-300x103.png 300w, https:\/\/www.oelois.com\/wp\/wp-content\/uploads\/2020\/08\/1-768x263.png 768w, https:\/\/www.oelois.com\/wp\/wp-content\/uploads\/2020\/08\/1-830x284.png 830w, https:\/\/www.oelois.com\/wp\/wp-content\/uploads\/2020\/08\/1-230x79.png 230w, https:\/\/www.oelois.com\/wp\/wp-content\/uploads\/2020\/08\/1-350x120.png 350w, https:\/\/www.oelois.com\/wp\/wp-content\/uploads\/2020\/08\/1-480x164.png 480w\" sizes=\"(max-width: 1024px) 100vw, 1024px\" \/>\t\t\t\t\t\t\t\t\t\t\t<\/p>\n<h2>Soluciones seguras de gesti\u00f3n de contenido.\u200b<\/h2>\n<p>A trav\u00e9s de Alfresco hemos implementado soluciones a casos de uso presentados por nuestros clientes, facilitando as\u00ed la consolidaci\u00f3n de normativas, el gestionamiento de versiones de los documentos y la publicaci\u00f3n y acceso intuitivo por la base de usuarios. Como ejemplo, planteamos los siguientes:<\/p>\n<p>\t\t\t\t\t\t\t\t\t\t<img decoding=\"async\" loading=\"lazy\" width=\"733\" height=\"461\" src=\"http:\/\/www.oelois.com\/wp\/wp-content\/uploads\/2020\/08\/o-docs.jpg\" alt=\"\" srcset=\"https:\/\/www.oelois.com\/wp\/wp-content\/uploads\/2020\/08\/o-docs.jpg 733w, https:\/\/www.oelois.com\/wp\/wp-content\/uploads\/2020\/08\/o-docs-300x189.jpg 300w, https:\/\/www.oelois.com\/wp\/wp-content\/uploads\/2020\/08\/o-docs-230x145.jpg 230w, https:\/\/www.oelois.com\/wp\/wp-content\/uploads\/2020\/08\/o-docs-350x220.jpg 350w, https:\/\/www.oelois.com\/wp\/wp-content\/uploads\/2020\/08\/o-docs-480x302.jpg 480w\" sizes=\"(max-width: 733px) 100vw, 733px\" \/>\t\t\t\t\t\t\t\t\t\t\t<\/p>\n<p>Soluci\u00f3n para gestionar normas en el sector de salud como herramienta de soporte a la difusi\u00f3n y acreditaci\u00f3n de Joint Comission International.<\/p>\n<p>Soluci\u00f3n para gestionar un historial de normativa interna para una empresa del sector p\u00fablico, permitiendo acceso descentralizado, indexaci\u00f3n de documentos y control de versiones.<\/p>\n<p>Soluci\u00f3n para almacenar e indexar la normativa legal relacionada y construir una base de datos documental como soporte a la difusi\u00f3n diaria de normas, reduciendo la carga de atenciones del \u00e1rea legal.<\/p>\n<p>\t\t\t\t\t\t\t\t\t\t<img decoding=\"async\" loading=\"lazy\" width=\"800\" height=\"369\" src=\"http:\/\/www.oelois.com\/wp\/wp-content\/uploads\/2020\/07\/34ABA9B073404B75AACA465E44C11BCD.png\" alt=\"\" srcset=\"https:\/\/www.oelois.com\/wp\/wp-content\/uploads\/2020\/07\/34ABA9B073404B75AACA465E44C11BCD.png 800w, https:\/\/www.oelois.com\/wp\/wp-content\/uploads\/2020\/07\/34ABA9B073404B75AACA465E44C11BCD-300x138.png 300w, https:\/\/www.oelois.com\/wp\/wp-content\/uploads\/2020\/07\/34ABA9B073404B75AACA465E44C11BCD-768x354.png 768w, https:\/\/www.oelois.com\/wp\/wp-content\/uploads\/2020\/07\/34ABA9B073404B75AACA465E44C11BCD-230x106.png 230w, https:\/\/www.oelois.com\/wp\/wp-content\/uploads\/2020\/07\/34ABA9B073404B75AACA465E44C11BCD-350x161.png 350w, https:\/\/www.oelois.com\/wp\/wp-content\/uploads\/2020\/07\/34ABA9B073404B75AACA465E44C11BCD-480x221.png 480w\" sizes=\"(max-width: 800px) 100vw, 800px\" \/>\t\t\t\t\t\t\t\t\t\t\t<\/p>\n<h2>\u00bfPor qu\u00e9 adquirir Alfresco como tu gestor de contenidos?<\/h2>\n<p style=\"text-align: justify;\">La principal raz\u00f3n para la adquisici\u00f3n de un gestor de contenidos como Alfresco es resolver y mejorar la gesti\u00f3n de los contenidos dentro de la empresa. Sea cual sea el sector de la empresa, la mayor parte del tiempo existen unos problemas comunes asociados a este tipo de aplicaciones, pero que se resumen, m\u00e1s o menos en estos:<\/p>\n<ul>\n<li>Diversas fuentes de contenido.<\/li>\n<li>Compleja estructura de los contenidos.<\/li>\n<li>Diferentes procesos y roles de contenido.<\/li>\n<li>Categorizaci\u00f3n y organizaci\u00f3n de los contenidos.<\/li>\n<li>Retenci\u00f3n del contenido y reglas para el reciclaje.<\/li>\n<li>Trabajo colaborativo para la elaboraci\u00f3n del contenido.<\/li>\n<li>Caracter\u00edsticas propias de la gesti\u00f3n documental (control de versiones, verificaci\u00f3n, aprobaci\u00f3n, etc.)<\/li>\n<\/ul>\n<p>\t\t\t\t\t\t\t\t\t\t<img decoding=\"async\" loading=\"lazy\" width=\"792\" height=\"540\" src=\"http:\/\/www.oelois.com\/wp\/wp-content\/uploads\/2020\/07\/Alfresco-Dashboard.jpg\" alt=\"\" srcset=\"https:\/\/www.oelois.com\/wp\/wp-content\/uploads\/2020\/07\/Alfresco-Dashboard.jpg 792w, https:\/\/www.oelois.com\/wp\/wp-content\/uploads\/2020\/07\/Alfresco-Dashboard-300x205.jpg 300w, https:\/\/www.oelois.com\/wp\/wp-content\/uploads\/2020\/07\/Alfresco-Dashboard-768x524.jpg 768w, https:\/\/www.oelois.com\/wp\/wp-content\/uploads\/2020\/07\/Alfresco-Dashboard-230x157.jpg 230w, https:\/\/www.oelois.com\/wp\/wp-content\/uploads\/2020\/07\/Alfresco-Dashboard-350x239.jpg 350w, https:\/\/www.oelois.com\/wp\/wp-content\/uploads\/2020\/07\/Alfresco-Dashboard-480x327.jpg 480w\" sizes=\"(max-width: 792px) 100vw, 792px\" \/>\t\t\t\t\t\t\t\t\t\t\t<\/p>\n<h2>Caracter\u00edsticas Principales.<\/h2>\n<ul>\n<li>Arquitectura en 1 o 2 Servidores<\/li>\n<li>Implementaci\u00f3n in house<\/li>\n<li>Gesti\u00f3n de hasta 100 usuarios<\/li>\n<li>Integrable con Active Directory<\/li>\n<li>M\u00f3dulo de seguridad avanzada por usuarios y perfiles<\/li>\n<li>Integrable con Servidor de Correos<\/li>\n<li>Servicios Web para integraci\u00f3n<\/li>\n<li>Plantillas de B\u00fasqueda personalizable<\/li>\n<li>Generaci\u00f3n de \u00cdndices de B\u00fasqueda<\/li>\n<li>Control de historial de versiones<\/li>\n<li>Aplicaci\u00f3n Web, Android y iOS<\/li>\n<li>Login Personalizable<\/li>\n<li>Compatible con Google Docs<\/li>\n<li>Compatible con Microsoft Office<\/li>\n<li>Manejo de hasta 4 Flujos de Trabajo<\/li>\n<li>Motor de reglas y tareas<\/li>\n<\/ul>\n<h2>Beneficios.<\/h2>\n<ul>\n<li>Almacena contenido<\/li>\n<li>Busca eficazmente<\/li>\n<li>Automatiza procesos<\/li>\n<li>Entorno Colaborativo<\/li>\n<li>Integrable con otros sistemas<\/li>\n<\/ul>\n<h3>\u00bfDeseas m\u00e1s informaci\u00f3n?<\/h3>\n<p>En OELO nos ajustamos a tus necesidades y requerimientos.\u00a0<\/p>\n<p>Contamos con una gama de servicios personalizados que pueden ayudarte a ti y a tu empresa a crecer.<\/p>\n<p>Solo necesitamos que nos cuentes un poco m\u00e1s de ti&#8230; \u00bfHablamos?<\/p>\n<h5>\u00a1Deja tus datos y te contactaremos!<\/h5>\n<p>\t\t\t<a href=\"https:\/\/www.oelois.com\/wp\/?page_id=110\" role=\"button\"><br \/>\n\t\t\t\t\t\tContactar<br \/>\n\t\t\t\t\t<\/a><\/p>\n","protected":false},"excerpt":{"rendered":"<p>Soluciones seguras de gesti\u00f3n de contenido.\u200b A trav\u00e9s de Alfresco hemos implementado soluciones a casos de uso presentados por nuestros clientes, facilitando as\u00ed la consolidaci\u00f3n de normativas, el gestionamiento de versiones de los documentos y la publicaci\u00f3n y acceso intuitivo por la base de usuarios. Como ejemplo, planteamos los siguientes: Soluci\u00f3n para gestionar normas en el sector de salud como herramienta de soporte a la difusi\u00f3n y acreditaci\u00f3n de Joint [&hellip;]<\/p>\n","protected":false},"author":1,"featured_media":0,"parent":0,"menu_order":0,"comment_status":"closed","ping_status":"closed","template":"elementor_header_footer","meta":[],"_links":{"self":[{"href":"https:\/\/www.oelois.com\/wp\/index.php?rest_route=\/wp\/v2\/pages\/78"}],"collection":[{"href":"https:\/\/www.oelois.com\/wp\/index.php?rest_route=\/wp\/v2\/pages"}],"about":[{"href":"https:\/\/www.oelois.com\/wp\/index.php?rest_route=\/wp\/v2\/types\/page"}],"author":[{"embeddable":true,"href":"https:\/\/www.oelois.com\/wp\/index.php?rest_route=\/wp\/v2\/users\/1"}],"replies":[{"embeddable":true,"href":"https:\/\/www.oelois.com\/wp\/index.php?rest_route=%2Fwp%2Fv2%2Fcomments&post=78"}],"version-history":[{"count":22,"href":"https:\/\/www.oelois.com\/wp\/index.php?rest_route=\/wp\/v2\/pages\/78\/revisions"}],"predecessor-version":[{"id":197,"href":"https:\/\/www.oelois.com\/wp\/index.php?rest_route=\/wp\/v2\/pages\/78\/revisions\/197"}],"wp:attachment":[{"href":"https:\/\/www.oelois.com\/wp\/index.php?rest_route=%2Fwp%2Fv2%2Fmedia&parent=78"}],"curies":[{"name":"wp","href":"https:\/\/api.w.org\/{rel}","templated":true}]}}